{"id":241,"date":"2023-12-04T08:27:47","date_gmt":"2023-12-04T07:27:47","guid":{"rendered":"https:\/\/development.flrnsthl.de\/?page_id=241"},"modified":"2023-12-08T14:53:28","modified_gmt":"2023-12-08T13:53:28","slug":"impressum","status":"publish","type":"page","link":"https:\/\/development.flrnsthl.de\/en\/impressum\/","title":{"rendered":"Impressum"},"content":{"rendered":"\n<div class=\"wp-block-florianstahl-wk-container\"><\/div>\n\n\n\n<div class=\"wp-block-florianstahl-wk-container\">\n<h1 class=\"wp-block-heading\">Imprint<\/h1>\n<\/div>\n\n\n\n<div class=\"wp-block-florianstahl-wk-container\">\n<p><strong>Angaben gem\u00e4\u00df \u00a7 5 TMG<\/strong><\/p>\n\n\n\n<p>Florian Stahl Zauberk\u00fcnstler Lohbrink 2c 49143 Bissendorf<\/p>\n\n\n\n<p><strong>Kontakt<\/strong><\/p>\n\n\n\n<p>Telefon: +49 (0) 173 572 1505 E-Mail: zauberer@flrnsthl.de<\/p>\n\n\n\n<p><strong>EU-Streitschlichtung<\/strong><\/p>\n\n\n\n<p>Die Europ\u00e4ische Kommission stellt eine Plattform zur Online-Streitbeilegung (OS) bereit:&nbsp;https:\/\/ec.europa.eu\/consumers\/odr\/.<br>Unsere E-Mail-Adresse finden Sie oben im Impressum.<\/p>\n\n\n\n<p><strong>Verbraucherstreitbeilegung\/Universalschlichtungsstelle<\/strong><\/p>\n\n\n\n<p>Wir nehmen an einem Streitbeilegungsverfahren vor einer Verbraucherschlichtungsstelle teil. Zust\u00e4ndig ist die Universalschlichtungsstelle des Zentrums f\u00fcr Schlichtung e.V., Stra\u00dfburger Stra\u00dfe 8, 77694 Kehl am Rhein (<br>https:\/\/www.verbraucher-schlichter.de).<\/p>\n\n\n\n<p>Quelle:<\/p>\n\n\n\n<p>eRecht24<\/p>\n<\/div>\n","protected":false},"excerpt":{"rendered":"","protected":false},"author":1,"featured_media":0,"parent":0,"menu_order":0,"comment_status":"closed","ping_status":"closed","template":"","meta":{"footnotes":""},"meta_box":[],"_links":{"self":[{"href":"https:\/\/development.flrnsthl.de\/en\/wp-json\/wp\/v2\/pages\/241"}],"collection":[{"href":"https:\/\/development.flrnsthl.de\/en\/wp-json\/wp\/v2\/pages"}],"about":[{"href":"https:\/\/development.flrnsthl.de\/en\/wp-json\/wp\/v2\/types\/page"}],"author":[{"embeddable":true,"href":"https:\/\/development.flrnsthl.de\/en\/wp-json\/wp\/v2\/users\/1"}],"replies":[{"embeddable":true,"href":"https:\/\/development.flrnsthl.de\/en\/wp-json\/wp\/v2\/comments?post=241"}],"version-history":[{"count":2,"href":"https:\/\/development.flrnsthl.de\/en\/wp-json\/wp\/v2\/pages\/241\/revisions"}],"predecessor-version":[{"id":275,"href":"https:\/\/development.flrnsthl.de\/en\/wp-json\/wp\/v2\/pages\/241\/revisions\/275"}],"wp:attachment":[{"href":"https:\/\/development.flrnsthl.de\/en\/wp-json\/wp\/v2\/media?parent=241"}],"curies":[{"name":"wp","href":"https:\/\/api.w.org\/{rel}","templated":true}]}}